{"id":2150,"date":"2019-10-21T14:21:52","date_gmt":"2019-10-21T12:21:52","guid":{"rendered":"https:\/\/goldenrod-donkey-625407.hostingersite.com\/the-clinic\/"},"modified":"2019-10-21T14:21:52","modified_gmt":"2019-10-21T12:21:52","slug":"the-clinic","status":"publish","type":"page","link":"https:\/\/aurorareig.com\/en\/the-clinic\/","title":{"rendered":"The clinic"},"content":{"rendered":"<div class=\"wpb-content-wrapper\">[vc_row css=&#8221;.vc_custom_1571844445286{padding-top: 4% !important;padding-right: 5% !important;padding-bottom: 8% !important;padding-left: 5% !important;}&#8221;][vc_column][vc_separator color=&#8221;custom&#8221; style=&#8221;double&#8221; border_width=&#8221;3&#8243; el_width=&#8221;20&#8243; css_animation=&#8221;fadeInUp&#8221; accent_color=&#8221;rgba(169,34,108,0.57)&#8221;][vc_column_text]\n<h1 style=\"text-align: center;\"><strong>PHILOSOPHY AND TREATMENTS<\/strong><\/h1>\n[\/vc_column_text][vc_empty_space height=&#8221;5px&#8221; css=&#8221;.vc_custom_1571674000164{padding-top: 3% !important;}&#8221;][vc_row_inner gap=&#8221;30&#8243; css=&#8221;.vc_custom_1578999483035{padding-right: 8% !important;padding-left: 8% !important;}&#8221;][vc_column_inner width=&#8221;1\/2&#8243;][vc_column_text]\n<p class=\"text_justificado\" style=\"text-align: justify;\"><span style=\"font-size: 95%;\">Nowadays, personal image has taken on great relevance in our society. That is why, among other things, it plays an important role in our interpersonal relationships. Having a harmonious physique denotes health and neatness, and at the same time makes us feel better about ourselves. Apart from the aesthetic factor, cosmetic and reconstructive surgery is essential in many cases to correct health problems, either physical or derived from psychological problems caused by a complex.   <\/span><\/p>\n<p class=\"text_justificado\" style=\"text-align: justify;\"><span style=\"font-size: 95%;\">Dr. Aurora Reig, a member of the Spanish Society of Plastic, Reconstructive and Aesthetic Surgery (SECPRE), has extensive experience in the field of cosmetic and reconstructive surgery. On this website you will find a detailed description of the surgical and aesthetic treatments she performs. All of them are carried out using the latest medical advances and in the least invasive way possible, ensuring that a treatment does not involve a break in the patient&#8217;s normal activities.  <\/span><\/p>\n[\/vc_column_text][\/vc_column_inner][vc_column_inner width=&#8221;1\/4&#8243;][vc_column_text]<strong>Breast surgery<br \/>\n<\/strong>Augmentation, reduction, pexy<\/p>\n<p><strong>Facial surgery<br \/>\n<\/strong>Face and neck lift<br \/>\nRhinoplasty<br \/>\nBlepharoplasty, nose, lips, chin, cheekbones<br \/>\nBichectomy<\/p>\n<p><strong>Body surgery<br \/>\n<\/strong>Liposuction, liposculpture<br \/>\nTummy tuck, buttocks<\/p>\n[\/vc_column_text][\/vc_column_inner][vc_column_inner width=&#8221;1\/4&#8243;][vc_column_text]<strong>Rejuvenation<\/strong><br \/>\nFacial fillers<br \/>\nBotox<br \/>\nHyaluronic acid<br \/>\nThreads suitable for lifting without surgery<br \/>\nPlatelet-rich plasma and CF<br \/>\nLaser treatments<br \/>\nMesotherapy<br \/>\nPeeling<br \/>\nArm and leg lifting<\/p>\n[\/vc_column_text][\/vc_column_inner][\/vc_row_inner][vc_row_inner gap=&#8221;30&#8243; css=&#8221;.vc_custom_1578999501701{padding-top: 2% !important;padding-right: 8% !important;padding-left: 8% !important;}&#8221; el_id=&#8221;videos&#8221;][vc_column_inner width=&#8221;1\/2&#8243;][vc_empty_space height=&#8221;52px&#8221;][vc_video link=&#8221;https:\/\/youtu.be\/FH84czU4KyU&#8221; align=&#8221;center&#8221;][vc_empty_space height=&#8221;52px&#8221;][vc_video link=&#8221;https:\/\/youtu.be\/LM8RPOmpdvw&#8221; align=&#8221;center&#8221;][\/vc_column_inner][vc_column_inner width=&#8221;1\/2&#8243;][vc_empty_space height=&#8221;52px&#8221;][vc_video link=&#8221;https:\/\/youtu.be\/54u5Ly7wIzs&#8221; align=&#8221;center&#8221;][vc_empty_space height=&#8221;52px&#8221;][vc_video link=&#8221;https:\/\/www.youtube.com\/watch?v=YXl4CAb-MYk&#8221; align=&#8221;center&#8221;][\/vc_column_inner][\/vc_row_inner][\/vc_column][\/vc_row][vc_row gap=&#8221;35&#8243; parallax_content=&#8221;off&#8221; fadeout_row=&#8221;off&#8221; css=&#8221;.vc_custom_1572003440850{padding-right: 5% !important;padding-bottom: 2% !important;padding-left: 5% !important;background-color: #a9226c !important;}&#8221;][vc_column][vc_column_text]\n<p style=\"text-align: center;\"><span style=\"font-size: 160%;\" data-text-color=\"success\">963 527 650 | 601 239 732 | consulta@aurorareig.com <\/span><\/p>\n[\/vc_column_text][\/vc_column][\/vc_row]\n<\/div>","protected":false},"excerpt":{"rendered":"[vc_row css=&#8221;.vc_custom_1571844445286{padding-top: 4% !important;padding-right: 5% !important;padding-bottom: 8% !important;padding-left: 5% !important;}&#8221;][vc_column][vc_separator color=&#8221;custom&#8221; style=&#8221;double&#8221; border_width=&#8221;3&#8243; el_width=&#8221;20&#8243; css_animation=&#8221;fadeInUp&#8221; accent_color=&#8221;rgba(169,34,108,0.57)&#8221;][vc_column_text] PHILOSOPHY AND TREATMENTS [\/vc_column_text][vc_empty_space height=&#8221;5px&#8221; css=&#8221;.vc_custom_1571674000164{padding-top: 3% !important;}&#8221;][vc_row_inner gap=&#8221;30&#8243; css=&#8221;.vc_custom_1578999483035{padding-right: 8% !important;padding-left: 8% !important;}&#8221;][vc_column_inner width=&#8221;1\/2&#8243;][vc_column_text] Nowadays, personal image has taken on great relevance in our society. That is why, among other things, it plays an important role in our [&#8230;]\n","protected":false},"author":1,"featured_media":0,"parent":0,"menu_order":0,"comment_status":"closed","ping_status":"closed","template":"page-blank.php","meta":{"footnotes":""},"class_list":["post-2150","page","type-page","status-publish","hentry"],"yoast_head":"<!-- This site is optimized with the Yoast SEO plugin v26.8 - https:\/\/yoast.com\/product\/yoast-seo-wordpress\/ -->\n<title>The clinic - Cl\u00ednica de Cirug\u00eda Pl\u00e1stica y Medicina Est\u00e9tica Aurora Reig<\/title>\n<meta name=\"robots\" content=\"index, follow, max-snippet:-1, max-image-preview:large, max-video-preview:-1\" \/>\n<link rel=\"canonical\" href=\"https:\/\/aurorareig.com\/en\/the-clinic\/\" \/>\n<meta property=\"og:locale\" content=\"en_US\" \/>\n<meta property=\"og:type\" content=\"article\" \/>\n<meta property=\"og:title\" content=\"The clinic - Cl\u00ednica de Cirug\u00eda Pl\u00e1stica y Medicina Est\u00e9tica Aurora Reig\" \/>\n<meta property=\"og:description\" content=\"[vc_row css=&#8221;.vc_custom_1571844445286{padding-top: 4% !important;padding-right: 5% !important;padding-bottom: 8% !important;padding-left: 5% !important;}&#8221;][vc_column][vc_separator color=&#8221;custom&#8221; style=&#8221;double&#8221; border_width=&#8221;3&#8243; el_width=&#8221;20&#8243; css_animation=&#8221;fadeInUp&#8221; accent_color=&#8221;rgba(169,34,108,0.57)&#8221;][vc_column_text] PHILOSOPHY AND TREATMENTS [\/vc_column_text][vc_empty_space height=&#8221;5px&#8221; css=&#8221;.vc_custom_1571674000164{padding-top: 3% !important;}&#8221;][vc_row_inner gap=&#8221;30&#8243; css=&#8221;.vc_custom_1578999483035{padding-right: 8% !important;padding-left: 8% !important;}&#8221;][vc_column_inner width=&#8221;1\/2&#8243;][vc_column_text] Nowadays, personal image has taken on great relevance in our society. That is why, among other things, it plays an important role in our [...]\" \/>\n<meta property=\"og:url\" content=\"https:\/\/aurorareig.com\/en\/the-clinic\/\" \/>\n<meta property=\"og:site_name\" content=\"Cl\u00ednica de Cirug\u00eda Pl\u00e1stica y Medicina Est\u00e9tica Aurora Reig\" \/>\n<meta property=\"og:image\" content=\"https:\/\/aurorareig.com\/wp-content\/uploads\/2019\/10\/aurora-reig.jpg\" \/>\n\t<meta property=\"og:image:width\" content=\"900\" \/>\n\t<meta property=\"og:image:height\" content=\"600\" \/>\n\t<meta property=\"og:image:type\" content=\"image\/jpeg\" \/>\n<meta name=\"twitter:card\" content=\"summary_large_image\" \/>\n<meta name=\"twitter:label1\" content=\"Est. reading time\" \/>\n\t<meta name=\"twitter:data1\" content=\"2 minutes\" \/>\n<script type=\"application\/ld+json\" class=\"yoast-schema-graph\">{\"@context\":\"https:\/\/schema.org\",\"@graph\":[{\"@type\":\"WebPage\",\"@id\":\"https:\/\/aurorareig.com\/en\/the-clinic\/\",\"url\":\"https:\/\/aurorareig.com\/en\/the-clinic\/\",\"name\":\"The clinic - Cl\u00ednica de Cirug\u00eda Pl\u00e1stica y Medicina Est\u00e9tica Aurora Reig\",\"isPartOf\":{\"@id\":\"https:\/\/aurorareig.com\/#website\"},\"datePublished\":\"2019-10-21T12:21:52+00:00\",\"breadcrumb\":{\"@id\":\"https:\/\/aurorareig.com\/en\/the-clinic\/#breadcrumb\"},\"inLanguage\":\"en-US\",\"potentialAction\":[{\"@type\":\"ReadAction\",\"target\":[\"https:\/\/aurorareig.com\/en\/the-clinic\/\"]}]},{\"@type\":\"BreadcrumbList\",\"@id\":\"https:\/\/aurorareig.com\/en\/the-clinic\/#breadcrumb\",\"itemListElement\":[{\"@type\":\"ListItem\",\"position\":1,\"name\":\"Portada\",\"item\":\"https:\/\/aurorareig.com\/en\/\"},{\"@type\":\"ListItem\",\"position\":2,\"name\":\"The clinic\"}]},{\"@type\":\"WebSite\",\"@id\":\"https:\/\/aurorareig.com\/#website\",\"url\":\"https:\/\/aurorareig.com\/\",\"name\":\"Cl\u00ednica de Cirug\u00eda Pl\u00e1stica y Medicina Est\u00e9tica Aurora Reig\",\"description\":\"Cl\u00ednica de cirug\u00eda pl\u00e1stica y medicina est\u00e9tica en Valencia. Tratamientos Est\u00e9ticos avanzados. Botox, \u00c1cido hialur\u00f3nico, rinomodelaci\u00f3n sin cirug\u00eda, tratamientos faciales y corporales, aumento de pecho.\",\"potentialAction\":[{\"@type\":\"SearchAction\",\"target\":{\"@type\":\"EntryPoint\",\"urlTemplate\":\"https:\/\/aurorareig.com\/?s={search_term_string}\"},\"query-input\":{\"@type\":\"PropertyValueSpecification\",\"valueRequired\":true,\"valueName\":\"search_term_string\"}}],\"inLanguage\":\"en-US\"}]}<\/script>\n<!-- \/ Yoast SEO plugin. -->","yoast_head_json":{"title":"The clinic - Cl\u00ednica de Cirug\u00eda Pl\u00e1stica y Medicina Est\u00e9tica Aurora Reig","robots":{"index":"index","follow":"follow","max-snippet":"max-snippet:-1","max-image-preview":"max-image-preview:large","max-video-preview":"max-video-preview:-1"},"canonical":"https:\/\/aurorareig.com\/en\/the-clinic\/","og_locale":"en_US","og_type":"article","og_title":"The clinic - Cl\u00ednica de Cirug\u00eda Pl\u00e1stica y Medicina Est\u00e9tica Aurora Reig","og_description":"[vc_row css=&#8221;.vc_custom_1571844445286{padding-top: 4% !important;padding-right: 5% !important;padding-bottom: 8% !important;padding-left: 5% !important;}&#8221;][vc_column][vc_separator color=&#8221;custom&#8221; style=&#8221;double&#8221; border_width=&#8221;3&#8243; el_width=&#8221;20&#8243; css_animation=&#8221;fadeInUp&#8221; accent_color=&#8221;rgba(169,34,108,0.57)&#8221;][vc_column_text] PHILOSOPHY AND TREATMENTS [\/vc_column_text][vc_empty_space height=&#8221;5px&#8221; css=&#8221;.vc_custom_1571674000164{padding-top: 3% !important;}&#8221;][vc_row_inner gap=&#8221;30&#8243; css=&#8221;.vc_custom_1578999483035{padding-right: 8% !important;padding-left: 8% !important;}&#8221;][vc_column_inner width=&#8221;1\/2&#8243;][vc_column_text] Nowadays, personal image has taken on great relevance in our society. That is why, among other things, it plays an important role in our [...]","og_url":"https:\/\/aurorareig.com\/en\/the-clinic\/","og_site_name":"Cl\u00ednica de Cirug\u00eda Pl\u00e1stica y Medicina Est\u00e9tica Aurora Reig","og_image":[{"width":900,"height":600,"url":"https:\/\/aurorareig.com\/wp-content\/uploads\/2019\/10\/aurora-reig.jpg","type":"image\/jpeg"}],"twitter_card":"summary_large_image","twitter_misc":{"Est. reading time":"2 minutes"},"schema":{"@context":"https:\/\/schema.org","@graph":[{"@type":"WebPage","@id":"https:\/\/aurorareig.com\/en\/the-clinic\/","url":"https:\/\/aurorareig.com\/en\/the-clinic\/","name":"The clinic - Cl\u00ednica de Cirug\u00eda Pl\u00e1stica y Medicina Est\u00e9tica Aurora Reig","isPartOf":{"@id":"https:\/\/aurorareig.com\/#website"},"datePublished":"2019-10-21T12:21:52+00:00","breadcrumb":{"@id":"https:\/\/aurorareig.com\/en\/the-clinic\/#breadcrumb"},"inLanguage":"en-US","potentialAction":[{"@type":"ReadAction","target":["https:\/\/aurorareig.com\/en\/the-clinic\/"]}]},{"@type":"BreadcrumbList","@id":"https:\/\/aurorareig.com\/en\/the-clinic\/#breadcrumb","itemListElement":[{"@type":"ListItem","position":1,"name":"Portada","item":"https:\/\/aurorareig.com\/en\/"},{"@type":"ListItem","position":2,"name":"The clinic"}]},{"@type":"WebSite","@id":"https:\/\/aurorareig.com\/#website","url":"https:\/\/aurorareig.com\/","name":"Cl\u00ednica de Cirug\u00eda Pl\u00e1stica y Medicina Est\u00e9tica Aurora Reig","description":"Cl\u00ednica de cirug\u00eda pl\u00e1stica y medicina est\u00e9tica en Valencia. Tratamientos Est\u00e9ticos avanzados. Botox, \u00c1cido hialur\u00f3nico, rinomodelaci\u00f3n sin cirug\u00eda, tratamientos faciales y corporales, aumento de pecho.","potentialAction":[{"@type":"SearchAction","target":{"@type":"EntryPoint","urlTemplate":"https:\/\/aurorareig.com\/?s={search_term_string}"},"query-input":{"@type":"PropertyValueSpecification","valueRequired":true,"valueName":"search_term_string"}}],"inLanguage":"en-US"}]}},"_links":{"self":[{"href":"https:\/\/aurorareig.com\/en\/wp-json\/wp\/v2\/pages\/2150","targetHints":{"allow":["GET"]}}],"collection":[{"href":"https:\/\/aurorareig.com\/en\/wp-json\/wp\/v2\/pages"}],"about":[{"href":"https:\/\/aurorareig.com\/en\/wp-json\/wp\/v2\/types\/page"}],"author":[{"embeddable":true,"href":"https:\/\/aurorareig.com\/en\/wp-json\/wp\/v2\/users\/1"}],"replies":[{"embeddable":true,"href":"https:\/\/aurorareig.com\/en\/wp-json\/wp\/v2\/comments?post=2150"}],"version-history":[{"count":0,"href":"https:\/\/aurorareig.com\/en\/wp-json\/wp\/v2\/pages\/2150\/revisions"}],"wp:attachment":[{"href":"https:\/\/aurorareig.com\/en\/wp-json\/wp\/v2\/media?parent=2150"}],"curies":[{"name":"wp","href":"https:\/\/api.w.org\/{rel}","templated":true}]}}